{"id":5,"date":"2021-09-01T14:09:34","date_gmt":"2021-09-01T17:09:34","guid":{"rendered":"http:\/\/minhastarefas.siteoficial.ws\/?page_id=5"},"modified":"2022-01-22T14:45:43","modified_gmt":"2022-01-22T17:45:43","slug":"minhas-tarefas","status":"publish","type":"page","link":"https:\/\/asminhastarefas.com.br\/?page_id=5","title":{"rendered":"Fa\u00e7a a Coisa Certa na Hora Certa"},"content":{"rendered":"\n<div class=\"wp-block-image\"><figure class=\"alignleft size-large is-resized\"><img loading=\"lazy\" decoding=\"async\" src=\"http:\/\/asminhastarefas.com.br\/Img\/211024_Menu_Principal_black.jpg\" alt=\"\" width=\"122\" height=\"260\"><\/figure><\/div>\n\n\n\n<p> A vida est\u00e1 demandante. Muita coisa para fazer. Tarefas a cumprir. Atividades a realizar. Prazos a respeitar. \u00c9 dif\u00edcil atender \u00e0s restri\u00e7\u00f5es impostas. A ansiedade em perder prazos, esquecer de fazer coisas que mereciam aten\u00e7\u00e3o, arcar com custos de atrasos, tudo isso torna a vida mais e mais estressante. Tomar o controle de nossas atividades \u00e9 pr\u00e9-requisito para aumentar a qualidade de vida.<\/p>\n\n\n\n<p><strong>Minhas Tarefas<\/strong> tem o objetivo de ajudar no controle de suas atividades. Voc\u00ea alimenta suas pend\u00eancias e define o prazo para realiz\u00e1-las. O app ajuda voc\u00ea a manter suas tarefas em dia. <strong>Minhas Tarefas<\/strong> \u00e9 simples e seguro. Todas as informa\u00e7\u00f5es s\u00e3o mantidas no seu celular, nada vai para a nuvem. A interface do app disp\u00f5e de dois temas: claro e escuro. O m\u00e9todo para gest\u00e3o de tarefas \u00e9 apresentado no app. Baixe o aplicativo <a href=\"https:\/\/play.google.com\/store\/apps\/details?id=io.kodular.eugenio_pedrosa.Tarefa_Facil\">Minhas Tarefas <\/a>na Google Play.<\/p>\n\n\n\n<p>Veja as  <a href=\"http:\/\/asminhastarefas.com.br\/?page_id=14\">caracter\u00edsticas do app<\/a> ou conhe\u00e7a o <a href=\"http:\/\/asminhastarefas.com.br\/?page_id=16\">m\u00e9todo de gest\u00e3o de tarefas<\/a> .<\/p>\n\n\n\n<p><strong>Minhas Tarefas<\/strong> destina-se a ajud\u00e1-lo a controlar suas atividades no dia a dia. Entretanto, n\u00e3o nos responsabilizamos por decis\u00f5es decorrentes do uso do app. No in\u00edcio do uso do app \u00e9 solicitada a aceita\u00e7\u00e3o das condi\u00e7\u00f5es de uso.&nbsp; Veja como tratamos seus dados em nossa <a href=\"http:\/\/asminhastarefas.com.br\/?page_id=3\" data-type=\"page\">Pol\u00edtica de  Privacidade<\/a>.<\/p>\n","protected":false},"excerpt":{"rendered":"<p>A vida est\u00e1 demandante. Muita coisa para fazer. Tarefas a cumprir. Atividades a realizar. Prazos a respeitar. \u00c9 dif\u00edcil atender \u00e0s restri\u00e7\u00f5es impostas. A ansiedade em perder prazos, esquecer de fazer coisas que mereciam aten\u00e7\u00e3o, arcar com custos de atrasos, tudo isso torna a vida mais e mais estressante. Tomar o controle de nossas atividades &hellip; <a href=\"https:\/\/asminhastarefas.com.br\/?page_id=5\" class=\"more-link\">Continue lendo<span class=\"screen-reader-text\"> &#8220;Fa\u00e7a a Coisa Certa na Hora Certa&#8221;<\/span><\/a><\/p>\n","protected":false},"author":1,"featured_media":0,"parent":0,"menu_order":0,"comment_status":"closed","ping_status":"closed","template":"","meta":{"footnotes":""},"class_list":["post-5","page","type-page","status-publish","hentry"],"_links":{"self":[{"href":"https:\/\/asminhastarefas.com.br\/index.php?rest_route=\/wp\/v2\/pages\/5","targetHints":{"allow":["GET"]}}],"collection":[{"href":"https:\/\/asminhastarefas.com.br\/index.php?rest_route=\/wp\/v2\/pages"}],"about":[{"href":"https:\/\/asminhastarefas.com.br\/index.php?rest_route=\/wp\/v2\/types\/page"}],"author":[{"embeddable":true,"href":"https:\/\/asminhastarefas.com.br\/index.php?rest_route=\/wp\/v2\/users\/1"}],"replies":[{"embeddable":true,"href":"https:\/\/asminhastarefas.com.br\/index.php?rest_route=%2Fwp%2Fv2%2Fcomments&post=5"}],"version-history":[{"count":27,"href":"https:\/\/asminhastarefas.com.br\/index.php?rest_route=\/wp\/v2\/pages\/5\/revisions"}],"predecessor-version":[{"id":151,"href":"https:\/\/asminhastarefas.com.br\/index.php?rest_route=\/wp\/v2\/pages\/5\/revisions\/151"}],"wp:attachment":[{"href":"https:\/\/asminhastarefas.com.br\/index.php?rest_route=%2Fwp%2Fv2%2Fmedia&parent=5"}],"curies":[{"name":"wp","href":"https:\/\/api.w.org\/{rel}","templated":true}]}}