{"id":34,"date":"2021-09-01T16:54:45","date_gmt":"2021-09-01T19:54:45","guid":{"rendered":"http:\/\/minhastarefas.siteoficial.ws\/?page_id=34"},"modified":"2022-02-08T13:20:12","modified_gmt":"2022-02-08T16:20:12","slug":"sobre-minhas-tarefas","status":"publish","type":"page","link":"https:\/\/asminhastarefas.com.br\/?page_id=34","title":{"rendered":"Sobre Minhas Tarefas"},"content":{"rendered":"\n<p>Minhas Tarefas tem o objetivo de ajudar no controle de suas atividades. Voc\u00ea alimenta suas pend\u00eancias e define os prazos para serem realizadas. O app ajuda voc\u00ea a manter suas tarefas em dia. Voc\u00ea pode criar v\u00e1rias listas de tarefas. As tarefas conclu\u00eddas s\u00e3o armazenadas no app.<\/p>\n\n\n\n<p>Minhas Tarefas \u00e9 simples e seguro. Todas as informa\u00e7\u00f5es s\u00e3o mantidas no seu celular, nada vai para a nuvem. A interface do app disp\u00f5e de dois temas: claro e escuro. O tema \u00e9 selecionado em &#8220;Configura\u00e7\u00f5es&#8221;.<br><br>Minhas Tarefas foi desenvolvido com <a href=\"https:\/\/www.kodular.io\">Kodular<\/a>. \u00cdcones utilizados na aplica\u00e7\u00e3o criados por <a href=\"https:\/\/catalinfertu.com\/\">Catalin Fertu<\/a> de <a rel=\"noreferrer noopener\" href=\"http:\/\/flaticon.com\" data-type=\"URL\" data-id=\"http:\/\/flaticon.com\" target=\"_blank\">Flaticon<\/a>.<\/p>\n","protected":false},"excerpt":{"rendered":"<p>Minhas Tarefas tem o objetivo de ajudar no controle de suas atividades. Voc\u00ea alimenta suas pend\u00eancias e define os prazos para serem realizadas. O app ajuda voc\u00ea a manter suas tarefas em dia. Voc\u00ea pode criar v\u00e1rias listas de tarefas. As tarefas conclu\u00eddas s\u00e3o armazenadas no app. Minhas Tarefas \u00e9 simples e seguro. Todas as &hellip; <a href=\"https:\/\/asminhastarefas.com.br\/?page_id=34\" class=\"more-link\">Continue lendo<span class=\"screen-reader-text\"> &#8220;Sobre Minhas Tarefas&#8221;<\/span><\/a><\/p>\n","protected":false},"author":1,"featured_media":0,"parent":0,"menu_order":0,"comment_status":"closed","ping_status":"closed","template":"","meta":{"footnotes":""},"class_list":["post-34","page","type-page","status-publish","hentry"],"_links":{"self":[{"href":"https:\/\/asminhastarefas.com.br\/index.php?rest_route=\/wp\/v2\/pages\/34","targetHints":{"allow":["GET"]}}],"collection":[{"href":"https:\/\/asminhastarefas.com.br\/index.php?rest_route=\/wp\/v2\/pages"}],"about":[{"href":"https:\/\/asminhastarefas.com.br\/index.php?rest_route=\/wp\/v2\/types\/page"}],"author":[{"embeddable":true,"href":"https:\/\/asminhastarefas.com.br\/index.php?rest_route=\/wp\/v2\/users\/1"}],"replies":[{"embeddable":true,"href":"https:\/\/asminhastarefas.com.br\/index.php?rest_route=%2Fwp%2Fv2%2Fcomments&post=34"}],"version-history":[{"count":6,"href":"https:\/\/asminhastarefas.com.br\/index.php?rest_route=\/wp\/v2\/pages\/34\/revisions"}],"predecessor-version":[{"id":167,"href":"https:\/\/asminhastarefas.com.br\/index.php?rest_route=\/wp\/v2\/pages\/34\/revisions\/167"}],"wp:attachment":[{"href":"https:\/\/asminhastarefas.com.br\/index.php?rest_route=%2Fwp%2Fv2%2Fmedia&parent=34"}],"curies":[{"name":"wp","href":"https:\/\/api.w.org\/{rel}","templated":true}]}}