{"id":186,"date":"2025-05-18T12:15:21","date_gmt":"2025-05-18T15:15:21","guid":{"rendered":"https:\/\/asminhastarefas.com.br\/?page_id=186"},"modified":"2025-05-18T12:15:22","modified_gmt":"2025-05-18T15:15:22","slug":"politica-de-privacidade-do-app-minhas-tarefas","status":"publish","type":"page","link":"https:\/\/asminhastarefas.com.br\/?page_id=186","title":{"rendered":"Pol\u00edtica de Privacidade do app Minhas Tarefas"},"content":{"rendered":"\n<p>O app <a href=\"https:\/\/play.google.com\/store\/apps\/details?id=io.kodular.eugenio_pedrosa.Tarefa_Facil&amp;hl=pt_BR\">Minhas Tarefas<\/a> coleta apenas dados das opera\u00e7\u00f5es alimentadas no aplicativo pelo usu\u00e1rio. N\u00e3o coleta dados pessoais do usu\u00e1rio, n\u00e3o compartilha ou transmite para terceiros. Nenhum dado \u00e9 enviado para o exterior do dispositivo do usu\u00e1rio. Os dados da aplica\u00e7\u00e3o residem apenas no dispositivo do usu\u00e1rio. O app apresenta an\u00fancios.<\/p>\n\n\n\n<p>Permiss\u00f5es do app:<br>Este poder\u00e1 solicitar acesso a:<br>&#8211; localiza\u00e7\u00e3o do aparelho <br>&#8211; ler status e identidade do telefone<br>&#8211; ler, alterar ou excluir conte\u00fado no armazenamento compartilhado<br>&#8211; acesso a rede.<\/p>\n\n\n\n<p><\/p>\n","protected":false},"excerpt":{"rendered":"<p>O app Minhas Tarefas coleta apenas dados das opera\u00e7\u00f5es alimentadas no aplicativo pelo usu\u00e1rio. N\u00e3o coleta dados pessoais do usu\u00e1rio, n\u00e3o compartilha ou transmite para terceiros. Nenhum dado \u00e9 enviado para o exterior do dispositivo do usu\u00e1rio. Os dados da aplica\u00e7\u00e3o residem apenas no dispositivo do usu\u00e1rio. O app apresenta an\u00fancios. Permiss\u00f5es do app:Este poder\u00e1 &hellip; <a href=\"https:\/\/asminhastarefas.com.br\/?page_id=186\" class=\"more-link\">Continue lendo<span class=\"screen-reader-text\"> &#8220;Pol\u00edtica de Privacidade do app Minhas Tarefas&#8221;<\/span><\/a><\/p>\n","protected":false},"author":1,"featured_media":0,"parent":0,"menu_order":0,"comment_status":"closed","ping_status":"closed","template":"","meta":{"footnotes":""},"class_list":["post-186","page","type-page","status-publish","hentry"],"_links":{"self":[{"href":"https:\/\/asminhastarefas.com.br\/index.php?rest_route=\/wp\/v2\/pages\/186","targetHints":{"allow":["GET"]}}],"collection":[{"href":"https:\/\/asminhastarefas.com.br\/index.php?rest_route=\/wp\/v2\/pages"}],"about":[{"href":"https:\/\/asminhastarefas.com.br\/index.php?rest_route=\/wp\/v2\/types\/page"}],"author":[{"embeddable":true,"href":"https:\/\/asminhastarefas.com.br\/index.php?rest_route=\/wp\/v2\/users\/1"}],"replies":[{"embeddable":true,"href":"https:\/\/asminhastarefas.com.br\/index.php?rest_route=%2Fwp%2Fv2%2Fcomments&post=186"}],"version-history":[{"count":3,"href":"https:\/\/asminhastarefas.com.br\/index.php?rest_route=\/wp\/v2\/pages\/186\/revisions"}],"predecessor-version":[{"id":189,"href":"https:\/\/asminhastarefas.com.br\/index.php?rest_route=\/wp\/v2\/pages\/186\/revisions\/189"}],"wp:attachment":[{"href":"https:\/\/asminhastarefas.com.br\/index.php?rest_route=%2Fwp%2Fv2%2Fmedia&parent=186"}],"curies":[{"name":"wp","href":"https:\/\/api.w.org\/{rel}","templated":true}]}}