{"id":18,"date":"2021-09-01T16:52:52","date_gmt":"2021-09-01T19:52:52","guid":{"rendered":"http:\/\/minhastarefas.siteoficial.ws\/?page_id=18"},"modified":"2022-01-22T14:49:46","modified_gmt":"2022-01-22T17:49:46","slug":"1a-fase-do-metodo-identificar-tarefas","status":"publish","type":"page","link":"https:\/\/asminhastarefas.com.br\/?page_id=18","title":{"rendered":"Fase 1: Identificar Tarefas"},"content":{"rendered":"\n<p>O m\u00e9todo trabalha com listas. Tudo come\u00e7a com o levantamento das tarefas em que voc\u00ea est\u00e1 trabalhando no momento ou prev\u00ea que vai se envolver no futuro. Voc\u00ea deve pegar um papel (ou tela de celular ou computador) e ir listando o que lhe vem \u00e0 cabe\u00e7a. S\u00e3o preocupa\u00e7\u00f5es, desejos, d\u00edvidas etc. que povoam seus pensamentos. Algumas s\u00e3o bem definidas, f\u00e1ceis de descrever e t\u00eam prazo certo para serem realizadas. Um exemplo \u00e9 o pagamento do col\u00e9gio das crian\u00e7as at\u00e9 determinada data. No outro extremo, algumas tarefas s\u00e3o coisas que gostar\u00edamos ou sonhar\u00edamos fazer. \u00c9 o caso daquele projeto de escrever um livro ou criar uma m\u00fasica. Nada trivial, hem? Coloquemos todas essas candidatas na lista rascunho de tarefas que estamos construindo. N\u00e3o \u00e9 hora de censurar o que nos vem \u00e0 mente. O objetivo \u00e9 registrar.<\/p>\n\n\n\n<p>A descri\u00e7\u00e3o da tarefa \u00e9 importante. Procure colocar a tarefa como uma a\u00e7\u00e3o para ser realizada. A tarefa fica mais clara quando a descrevemos com um verbo no infinitivo apresentando o que vai ser feito. Se voc\u00ea quer consertar seu carro, n\u00e3o crie a tarefa &#8220;consertar carro&#8221;. Que tal criar &#8220;levar na oficina&#8221;? A boa defini\u00e7\u00e3o das tarefas organiza nosso pensamentos e aumenta a possibilidade de realiz\u00e1-las.<\/p>\n\n\n\n<p>Seja sucinto. O nome da tarefa deve ser de tamanho o menor poss\u00edvel que defina o que voc\u00ea deve fazer. Uma linha \u00e9 suficiente para o nome da tarefa. Deixe para detalhar a tarefa na sua descri\u00e7\u00e3o.<\/p>\n\n\n\n<p>O prazo de conclus\u00e3o que alimentamos no aplicativo \u00e9 muito importante. Mais adiante, explicaremos detalhes do seu uso. Nesse primeiro momento, quando listamos todas nossas pend\u00eancias, se n\u00e3o tivermos uma data de prazo bem clara (por exemplo: vencimento da conta de luz em determinado dia do m\u00eas), coloquemos a data de hoje.<\/p>\n\n\n\n<p>Terminada a lista original que retrata nossas atividades para o futuro, obtemos o primeiro benef\u00edcio do m\u00e9todo. Pend\u00eancias que volta e meia nos perturbavam, solicitando nossa aten\u00e7\u00e3o, foram identificadas e est\u00e3o registradas em nossa lista. Deixam de ser &#8220;paraquedas&#8221; caindo no nosso caminho. Tornam-se itens de nossa lista, para a qual daremos um tratamento formal, que come\u00e7a com sua classifica\u00e7\u00e3o.<\/p>\n\n\n\n<p>Pr\u00f3xima fase: <a href=\"http:\/\/asminhastarefas.com.br\/?page_id=20\">Classifica\u00e7\u00e3o<\/a><\/p>\n","protected":false},"excerpt":{"rendered":"<p>O m\u00e9todo trabalha com listas. Tudo come\u00e7a com o levantamento das tarefas em que voc\u00ea est\u00e1 trabalhando no momento ou prev\u00ea que vai se envolver no futuro. Voc\u00ea deve pegar um papel (ou tela de celular ou computador) e ir listando o que lhe vem \u00e0 cabe\u00e7a. S\u00e3o preocupa\u00e7\u00f5es, desejos, d\u00edvidas etc. que povoam seus &hellip; <a href=\"https:\/\/asminhastarefas.com.br\/?page_id=18\" class=\"more-link\">Continue lendo<span class=\"screen-reader-text\"> &#8220;Fase 1: Identificar Tarefas&#8221;<\/span><\/a><\/p>\n","protected":false},"author":1,"featured_media":0,"parent":0,"menu_order":0,"comment_status":"closed","ping_status":"closed","template":"","meta":{"footnotes":""},"class_list":["post-18","page","type-page","status-publish","hentry"],"_links":{"self":[{"href":"https:\/\/asminhastarefas.com.br\/index.php?rest_route=\/wp\/v2\/pages\/18","targetHints":{"allow":["GET"]}}],"collection":[{"href":"https:\/\/asminhastarefas.com.br\/index.php?rest_route=\/wp\/v2\/pages"}],"about":[{"href":"https:\/\/asminhastarefas.com.br\/index.php?rest_route=\/wp\/v2\/types\/page"}],"author":[{"embeddable":true,"href":"https:\/\/asminhastarefas.com.br\/index.php?rest_route=\/wp\/v2\/users\/1"}],"replies":[{"embeddable":true,"href":"https:\/\/asminhastarefas.com.br\/index.php?rest_route=%2Fwp%2Fv2%2Fcomments&post=18"}],"version-history":[{"count":7,"href":"https:\/\/asminhastarefas.com.br\/index.php?rest_route=\/wp\/v2\/pages\/18\/revisions"}],"predecessor-version":[{"id":155,"href":"https:\/\/asminhastarefas.com.br\/index.php?rest_route=\/wp\/v2\/pages\/18\/revisions\/155"}],"wp:attachment":[{"href":"https:\/\/asminhastarefas.com.br\/index.php?rest_route=%2Fwp%2Fv2%2Fmedia&parent=18"}],"curies":[{"name":"wp","href":"https:\/\/api.w.org\/{rel}","templated":true}]}}