{"id":169,"date":"2022-02-08T13:31:18","date_gmt":"2022-02-08T16:31:18","guid":{"rendered":"http:\/\/asminhastarefas.com.br\/?page_id=169"},"modified":"2022-02-08T13:31:18","modified_gmt":"2022-02-08T16:31:18","slug":"como-ver-o-app-minhas-tarefas-no-windows","status":"publish","type":"page","link":"https:\/\/asminhastarefas.com.br\/?page_id=169","title":{"rendered":"Como ver o app Minhas Tarefas no Windows"},"content":{"rendered":"\n<p> A partir do Windows 10 \u00e9 possivel ver seu app Android numa janela do Windows.  A Samsung oferece o app Seu Telefone (Your Phone)  que faz a comunica\u00e7\u00e3o entre o Windows e seu celular. \u00c9 preciso baixar o app no seu telefone e no Windows. Um <a href=\"https:\/\/mundoconectado.com.br\/noticias\/v\/17214\/veja-como-rodar-apps-android-no-windows-10-em-smartphones-da-samsung\">artigo do site MundoConectado<\/a> explica o processo de instala\u00e7\u00e3o dos apps e como colocar para funcionar. \u00c9 f\u00e1cil e funciona direitinho. Essa \u00e9 boa maneira de ver o app Minhas Tarefas na tela do seu notebook ou computador de mesa. <\/p>\n","protected":false},"excerpt":{"rendered":"<p>A partir do Windows 10 \u00e9 possivel ver seu app Android numa janela do Windows. A Samsung oferece o app Seu Telefone (Your Phone) que faz a comunica\u00e7\u00e3o entre o Windows e seu celular. \u00c9 preciso baixar o app no seu telefone e no Windows. Um artigo do site MundoConectado explica o processo de instala\u00e7\u00e3o &hellip; <a href=\"https:\/\/asminhastarefas.com.br\/?page_id=169\" class=\"more-link\">Continue lendo<span class=\"screen-reader-text\"> &#8220;Como ver o app Minhas Tarefas no Windows&#8221;<\/span><\/a><\/p>\n","protected":false},"author":1,"featured_media":0,"parent":0,"menu_order":0,"comment_status":"closed","ping_status":"closed","template":"","meta":{"footnotes":""},"class_list":["post-169","page","type-page","status-publish","hentry"],"_links":{"self":[{"href":"https:\/\/asminhastarefas.com.br\/index.php?rest_route=\/wp\/v2\/pages\/169","targetHints":{"allow":["GET"]}}],"collection":[{"href":"https:\/\/asminhastarefas.com.br\/index.php?rest_route=\/wp\/v2\/pages"}],"about":[{"href":"https:\/\/asminhastarefas.com.br\/index.php?rest_route=\/wp\/v2\/types\/page"}],"author":[{"embeddable":true,"href":"https:\/\/asminhastarefas.com.br\/index.php?rest_route=\/wp\/v2\/users\/1"}],"replies":[{"embeddable":true,"href":"https:\/\/asminhastarefas.com.br\/index.php?rest_route=%2Fwp%2Fv2%2Fcomments&post=169"}],"version-history":[{"count":1,"href":"https:\/\/asminhastarefas.com.br\/index.php?rest_route=\/wp\/v2\/pages\/169\/revisions"}],"predecessor-version":[{"id":170,"href":"https:\/\/asminhastarefas.com.br\/index.php?rest_route=\/wp\/v2\/pages\/169\/revisions\/170"}],"wp:attachment":[{"href":"https:\/\/asminhastarefas.com.br\/index.php?rest_route=%2Fwp%2Fv2%2Fmedia&parent=169"}],"curies":[{"name":"wp","href":"https:\/\/api.w.org\/{rel}","templated":true}]}}