{"id":16,"date":"2021-09-01T16:53:46","date_gmt":"2021-09-01T19:53:46","guid":{"rendered":"http:\/\/minhastarefas.siteoficial.ws\/?page_id=16"},"modified":"2022-01-22T14:48:00","modified_gmt":"2022-01-22T17:48:00","slug":"metodo-para-controlar-tarefas-a-fazer","status":"publish","type":"page","link":"http:\/\/asminhastarefas.com.br\/?page_id=16","title":{"rendered":"M\u00e9todo para Controlar Tarefas"},"content":{"rendered":"\n<p>O m\u00e9todo proposto tem o objetivo \u00e9 administrar as atividades do dia a dia, dando prioridades e controlando sua realiza\u00e7\u00e3o. Serve para a vida particular e profissional. O uso do aplicativo torna o m\u00e9todo mais eficiente e sua pr\u00e1tica prazerosa.&nbsp;<\/p>\n\n\n\n<p>O m\u00e9todo parece simples. Algumas pessoas o consideram a implementa\u00e7\u00e3o do \u00f3bvio. Felizes aqueles que j\u00e1 o praticam. Mesmo para esses, vale conferir se trazemos algumas dicas para melhorar a gest\u00e3o de suas tarefas.<\/p>\n\n\n\n<p>O m\u00e9todo consiste em executar uma sequ\u00eancia de procedimentos que comp\u00f5em o modelo de gest\u00e3o de tarefas. S\u00e3o eles:<\/p>\n\n\n\n<ul class=\"wp-block-list\"><li><a href=\"http:\/\/asminhastarefas.com.br\/?page_id=18\">Identificar Tarefas<\/a><\/li><li><a href=\"http:\/\/asminhastarefas.com.br\/?page_id=20\">Classificar Tarefas<\/a><\/li><li><a href=\"http:\/\/asminhastarefas.com.br\/?page_id=22\">Praticar M\u00e9todo<\/a><\/li><\/ul>\n\n\n\n<p><\/p>\n","protected":false},"excerpt":{"rendered":"<p>O m\u00e9todo proposto tem o objetivo \u00e9 administrar as atividades do dia a dia, dando prioridades e controlando sua realiza\u00e7\u00e3o. Serve para a vida particular e profissional. O uso do aplicativo torna o m\u00e9todo mais eficiente e sua pr\u00e1tica prazerosa.&nbsp; O m\u00e9todo parece simples. Algumas pessoas o consideram a implementa\u00e7\u00e3o do \u00f3bvio. Felizes aqueles que &hellip; <a href=\"http:\/\/asminhastarefas.com.br\/?page_id=16\" class=\"more-link\">Continue lendo<span class=\"screen-reader-text\"> &#8220;M\u00e9todo para Controlar Tarefas&#8221;<\/span><\/a><\/p>\n","protected":false},"author":1,"featured_media":0,"parent":0,"menu_order":0,"comment_status":"closed","ping_status":"closed","template":"","meta":{"footnotes":""},"class_list":["post-16","page","type-page","status-publish","hentry"],"_links":{"self":[{"href":"http:\/\/asminhastarefas.com.br\/index.php?rest_route=\/wp\/v2\/pages\/16","targetHints":{"allow":["GET"]}}],"collection":[{"href":"http:\/\/asminhastarefas.com.br\/index.php?rest_route=\/wp\/v2\/pages"}],"about":[{"href":"http:\/\/asminhastarefas.com.br\/index.php?rest_route=\/wp\/v2\/types\/page"}],"author":[{"embeddable":true,"href":"http:\/\/asminhastarefas.com.br\/index.php?rest_route=\/wp\/v2\/users\/1"}],"replies":[{"embeddable":true,"href":"http:\/\/asminhastarefas.com.br\/index.php?rest_route=%2Fwp%2Fv2%2Fcomments&post=16"}],"version-history":[{"count":7,"href":"http:\/\/asminhastarefas.com.br\/index.php?rest_route=\/wp\/v2\/pages\/16\/revisions"}],"predecessor-version":[{"id":153,"href":"http:\/\/asminhastarefas.com.br\/index.php?rest_route=\/wp\/v2\/pages\/16\/revisions\/153"}],"wp:attachment":[{"href":"http:\/\/asminhastarefas.com.br\/index.php?rest_route=%2Fwp%2Fv2%2Fmedia&parent=16"}],"curies":[{"name":"wp","href":"https:\/\/api.w.org\/{rel}","templated":true}]}}